{"id":5288,"date":"2021-08-25T09:00:10","date_gmt":"2021-08-25T09:00:10","guid":{"rendered":"http:\/\/dummy.xtemos.com\/woodmart2\/?page_id=5288"},"modified":"2025-08-07T12:51:05","modified_gmt":"2025-08-07T12:51:05","slug":"iletisim","status":"publish","type":"page","link":"https:\/\/dorisconcept.com\/en\/iletisim\/","title":{"rendered":"Contact Us"},"content":{"rendered":"<div class=\"wpb-content-wrapper\"><div class=\"vc_row wpb_row vc_row-fluid vc_custom_1627906680842 vc_row-o-content-middle vc_row-flex wd-rs-6107e27348661\"><div class=\"wpb_column vc_column_container vc_col-sm-12 vc_col-md-6 vc_col-xs-12 wd-rs-6107e2494db13\"><div class=\"vc_column-inner vc_custom_1627906638876\"><div class=\"wpb_wrapper\">\t\t\t<div class=\"google-map-container wd-map-container   wd-rs-6894a0e02faf3\"  data-map-args='{\"multiple_markers\":\"no\",\"latitude\":\"40.07972585078036\",\"longitude\":\"29.51696347697005\",\"zoom\":\"14\",\"mouse_zoom\":\"no\",\"init_type\":\"page_load\",\"init_offset\":\"100\",\"elementor\":false,\"json_style\":\"[\\n    {\\n        \\\"featureType\\\": \\\"all\\\",\\n        \\\"elementType\\\": \\\"labels.text.fill\\\",\\n        \\\"stylers\\\": [\\n            {\\n                \\\"color\\\": \\\"#ffffff\\\"\\n            }\\n        ]\\n    },\\n    {\\n        \\\"featureType\\\": \\\"all\\\",\\n        \\\"elementType\\\": \\\"labels.text.stroke\\\",\\n        \\\"stylers\\\": [\\n            {\\n                \\\"visibility\\\": \\\"on\\\"\\n            },\\n            {\\n                \\\"color\\\": \\\"#3e606f\\\"\\n            },\\n            {\\n                \\\"weight\\\": 2\\n            },\\n            {\\n                \\\"gamma\\\": 0.84\\n            }\\n        ]\\n    },\\n    {\\n        \\\"featureType\\\": \\\"all\\\",\\n        \\\"elementType\\\": \\\"labels.icon\\\",\\n        \\\"stylers\\\": [\\n            {\\n                \\\"visibility\\\": \\\"off\\\"\\n            }\\n        ]\\n    },\\n    {\\n        \\\"featureType\\\": \\\"administrative\\\",\\n        \\\"elementType\\\": \\\"geometry\\\",\\n        \\\"stylers\\\": [\\n            {\\n                \\\"weight\\\": 0.6\\n            }\\n        ]\\n    },\\n    {\\n        \\\"featureType\\\": \\\"landscape\\\",\\n        \\\"elementType\\\": \\\"geometry\\\",\\n        \\\"stylers\\\": [\\n            {\\n                \\\"color\\\": \\\"#0053ab\\\"\\n            }\\n        ]\\n    },\\n    {\\n        \\\"featureType\\\": \\\"poi\\\",\\n        \\\"elementType\\\": \\\"geometry\\\",\\n        \\\"stylers\\\": [\\n            {\\n                \\\"color\\\": \\\"#05468c\\\"\\n            }\\n        ]\\n    },\\n    {\\n        \\\"featureType\\\": \\\"poi.park\\\",\\n        \\\"elementType\\\": \\\"geometry\\\",\\n        \\\"stylers\\\": [\\n            {\\n                \\\"color\\\": \\\"#0e58a5\\\"\\n            }\\n        ]\\n    },\\n    {\\n        \\\"featureType\\\": \\\"road\\\",\\n        \\\"elementType\\\": \\\"geometry\\\",\\n        \\\"stylers\\\": [\\n            {\\n                \\\"color\\\": \\\"#16589e\\\"\\n            },\\n            {\\n                \\\"lightness\\\": -37\\n            }\\n        ]\\n    },\\n    {\\n        \\\"featureType\\\": \\\"transit\\\",\\n        \\\"elementType\\\": \\\"geometry\\\",\\n        \\\"stylers\\\": [\\n            {\\n                \\\"color\\\": \\\"#1867ba\\\"\\n            }\\n        ]\\n    },\\n    {\\n        \\\"featureType\\\": \\\"water\\\",\\n        \\\"elementType\\\": \\\"geometry\\\",\\n        \\\"stylers\\\": [\\n            {\\n                \\\"color\\\": \\\"#076bd5\\\"\\n            }\\n        ]\\n    }\\n]\",\"marker_icon\":\"https:\\\/\\\/dorisconcept.com\\\/wp-content\\\/themes\\\/woodmart\\\/inc\\\/admin\\\/assets\\\/images\\\/google-icon.png\",\"marker_icon_size\":\"\",\"marker_text_needed\":\"no\",\"marker_text\":\"<h3 style=\\\"min-width:300px; text-align:center; margin:15px;\\\"><\\\/h3>\",\"selector\":\"wd-map-id-69e0fa8f6cf9b\",\"markers\":\"\",\"center\":\"\"}'>\n\n\t\t\t\t\n\t\t\t\t\n\t\t\t\t<div class=\"wd-google-map-wrapper wd-map-wrapper wd-fill\">\n\t\t\t\t\t<div id=\"wd-map-id-69e0fa8f6cf9b\" class=\"wd-google-map without-content wd-fill\"><\/div>\n\t\t\t\t<\/div>\n\n\t\t\t\t\t\t\t<\/div>\n\t\t<\/div><\/div><\/div><div class=\"wpb_column vc_column_container vc_col-sm-12 vc_col-md-6 vc_col-xs-12 wd-rs-6107f7e625cb9\"><div class=\"vc_column-inner vc_custom_1627912174353\"><div class=\"wpb_wrapper\">\n\t\t<div id=\"wd-68946bfdd0796\" class=\"title-wrapper wd-wpb set-mb-s reset-last-child  wd-rs-68946bfdd0796 wd-title-color-primary wd-title-style-default text-left vc_custom_1754557486053 wd-underline-colored\">\n\t\t\t\t\t\t\t<div class=\"title-subtitle  subtitle-color-primary font-default subtitle-style-background wd-font-weight- wd-fontsize-xs\">Factory<\/div>\n\t\t\t\n\t\t\t<div class=\"liner-continer\">\n\t\t\t\t<h4 class=\"woodmart-title-container title  wd-font-weight- wd-fontsize-xxl\" >\u00dcretim Alan\u0131 (\u0130neg\u00f6l)<\/h4>\n\t\t\t\t\t\t\t<\/div>\n\t\t\t\n\t\t\t\n\t\t\t\n\t\t<\/div>\n\t\t\n\t\t<div class=\"vc_row wpb_row vc_inner vc_row-fluid vc_row-o-content-top vc_row-flex\"><div class=\"wpb_column vc_column_container vc_col-sm-12 wd-rs-6107f7da74c0a\"><div class=\"vc_column-inner vc_custom_1627912156369\"><div class=\"wpb_wrapper\">\n\t\t<div id=\"wd-68946c43acbe5\" class=\"title-wrapper wd-wpb set-mb-s reset-last-child  wd-rs-68946c43acbe5 wd-title-color-default wd-title-style-default text-left vc_custom_1754557529255 wd-underline-colored\">\n\t\t\t\n\t\t\t<div class=\"liner-continer\">\n\t\t\t\t<h4 class=\"woodmart-title-container title  wd-font-weight- wd-fontsize-l\" >Doris Home Mobilya<\/h4>\n\t\t\t\t\t\t\t<\/div>\n\t\t\t\n\t\t\t\n\t\t\t\n\t\t<\/div>\n\t\t\n\t\t\t\t<div id=\"wd-6894a0cb297f6\" class=\"wd-text-block wd-wpb reset-last-child wd-rs-6894a0cb297f6 text-left color-scheme-dark wd-fontsize-m vc_custom_1754570966930\">\n\t\t\t<p><strong>Adress:<\/strong> Yenice Mah. Osmanbey Cad.\u00a0 Eski Sanayi Sk. No:4 Kat:2 <strong>\u0130neg\u00f6l\/Bursa<\/strong><\/p>\n\t\t<\/div>\n\t\t\t\t<div id=\"wd-68949a20d5314\" class=\"wd-text-block wd-wpb reset-last-child wd-rs-68949a20d5314 text-left color-scheme-dark wd-fontsize-m vc_custom_1754569251099\">\n\t\t\t<p><strong>Mail:<\/strong> <a title=\"E-posta\" href=\"mailto:info@dorishome\">info@dorishome<\/a><\/p>\n\t\t<\/div>\n\t\t\t\t<div id=\"wd-68949a295dab5\" class=\"wd-text-block wd-wpb reset-last-child wd-rs-68949a295dab5 text-left wd-font-weight-600 wd-fontsize-m vc_custom_1754569260690\">\n\t\t\t<p>Phone: +90 536 785 52 68<\/p>\n\t\t<\/div>\n\t\t<\/div><\/div><\/div><\/div><\/div><\/div><\/div><\/div>\n<\/div>","protected":false},"excerpt":{"rendered":"Fabrika \u00dcretim Alan\u0131 (\u0130neg\u00f6l) Doris Home Mobilya Adres: Yenice Mah. Osmanbey Cad.\u00a0 Eski Sanayi Sk. No:4 Kat:2 \u0130neg\u00f6l\/Bursa Mail: info@dorishome","protected":false},"author":1,"featured_media":0,"parent":0,"menu_order":0,"comment_status":"closed","ping_status":"closed","template":"","meta":{"footnotes":""},"class_list":["post-5288","page","type-page","status-publish","hentry"],"_links":{"self":[{"href":"https:\/\/dorisconcept.com\/en\/wp-json\/wp\/v2\/pages\/5288","targetHints":{"allow":["GET"]}}],"collection":[{"href":"https:\/\/dorisconcept.com\/en\/wp-json\/wp\/v2\/pages"}],"about":[{"href":"https:\/\/dorisconcept.com\/en\/wp-json\/wp\/v2\/types\/page"}],"author":[{"embeddable":true,"href":"https:\/\/dorisconcept.com\/en\/wp-json\/wp\/v2\/users\/1"}],"replies":[{"embeddable":true,"href":"https:\/\/dorisconcept.com\/en\/wp-json\/wp\/v2\/comments?post=5288"}],"version-history":[{"count":0,"href":"https:\/\/dorisconcept.com\/en\/wp-json\/wp\/v2\/pages\/5288\/revisions"}],"wp:attachment":[{"href":"https:\/\/dorisconcept.com\/en\/wp-json\/wp\/v2\/media?parent=5288"}],"curies":[{"name":"wp","href":"https:\/\/api.w.org\/{rel}","templated":true}]}}