{"id":5212,"date":"2021-08-25T07:26:28","date_gmt":"2021-08-25T07:26:28","guid":{"rendered":"http:\/\/dummy.xtemos.com\/woodmart2\/?page_id=5212"},"modified":"2025-08-07T08:57:01","modified_gmt":"2025-08-07T08:57:01","slug":"hakkimizda","status":"publish","type":"page","link":"https:\/\/dorisconcept.com\/en\/hakkimizda\/","title":{"rendered":"About Us"},"content":{"rendered":"<div class=\"wpb-content-wrapper\"><div data-vc-full-width=\"true\" data-vc-full-width-temp=\"true\" data-vc-full-width-init=\"false\" class=\"vc_row wpb_row vc_row-fluid vc_custom_1754556981254 vc_row-has-fill wd-bg-center-center wd-rs-68946a2d29f4f\"><div class=\"wpb_column vc_column_container vc_col-sm-12 wd-rs-6894667d9152a\"><div class=\"vc_column-inner vc_custom_1754556033942\"><div class=\"wpb_wrapper\">\t\t<div id=\"wd-68946994edd10\" class=\"wd-text-block wd-wpb reset-last-child wd-rs-68946994edd10 text-left vc_custom_1754556825889\">\n\t\t\t<h3 style=\"text-align: center;\" data-start=\"228\" data-end=\"246\"><strong data-start=\"232\" data-end=\"246\">Who Are We?<\/strong><\/h3>\n<p style=\"text-align: center;\" data-start=\"248\" data-end=\"505\">Doris Home, born in \u0130neg\u00f6l, the heart of furniture production, is a brand that combines quality, aesthetics, and craftsmanship in its sofa design and production. In our collections, designed with modern lines, we always prioritize user comfort.<\/p>\n<p style=\"text-align: center;\" data-start=\"507\" data-end=\"771\">Our core principles include using high-quality materials, meticulous workmanship, and meticulous attention to detail at every stage of our production. We view customer satisfaction not merely as a goal but as a natural outcome of our work; we strive to exceed expectations.<\/p>\n<p style=\"text-align: center;\" data-start=\"773\" data-end=\"936\">Yurt i\u00e7i ve yurt d\u0131\u015f\u0131 pazarlarda tercih edilen bir marka olman\u0131n gururunu ya\u015farken, sekt\u00f6rdeki yenilikleri yak\u0131ndan takip ederek \u00fcr\u00fcnlerimizi s\u00fcrekli geli\u015ftiririz.<\/p>\n\t\t<\/div>\n\t\t\t\t<div id=\"wd-689469730efa1\" class=\"wd-text-block wd-wpb reset-last-child wd-rs-689469730efa1 text-left vc_custom_1754556795166\">\n\t\t\t<h3 style=\"text-align: center;\" data-start=\"943\" data-end=\"961\"><strong data-start=\"947\" data-end=\"961\">Our vision<\/strong><\/h3>\n<p style=\"text-align: center;\" data-start=\"963\" data-end=\"1128\">By bringing together aesthetics, comfort and quality in sofa production, we aim to become a globally recognized, reliable and inspiring furniture brand with our local production power.<\/p>\n<h3 style=\"text-align: center;\" data-start=\"1135\" data-end=\"1153\"><strong data-start=\"1139\" data-end=\"1153\">Our Mission<\/strong><\/h3>\n<p style=\"text-align: center;\" data-start=\"1155\" data-end=\"1410\">With our production infrastructure and experienced team in \u0130neg\u00f6l, we produce functional, stylish, and durable seating that will add value to any living space. Prioritizing customer satisfaction, we continually improve our designs with high-quality materials and craftsmanship.<\/p>\n\t\t<\/div>\n\t\t<\/div><\/div><\/div><\/div><div class=\"vc_row-full-width vc_clearfix\"><\/div>\n<\/div>","protected":false},"excerpt":{"rendered":"Biz Kimiz? Doris Home, mobilya \u00fcretiminin kalbi olan \u0130neg\u00f6l\u2019de do\u011fmu\u015f; koltuk tasar\u0131m\u0131 ve \u00fcretiminde kalite, estetik ve i\u015f\u00e7ili\u011fi bir araya","protected":false},"author":1,"featured_media":0,"parent":0,"menu_order":0,"comment_status":"closed","ping_status":"closed","template":"","meta":{"footnotes":""},"class_list":["post-5212","page","type-page","status-publish","hentry"],"_links":{"self":[{"href":"https:\/\/dorisconcept.com\/en\/wp-json\/wp\/v2\/pages\/5212","targetHints":{"allow":["GET"]}}],"collection":[{"href":"https:\/\/dorisconcept.com\/en\/wp-json\/wp\/v2\/pages"}],"about":[{"href":"https:\/\/dorisconcept.com\/en\/wp-json\/wp\/v2\/types\/page"}],"author":[{"embeddable":true,"href":"https:\/\/dorisconcept.com\/en\/wp-json\/wp\/v2\/users\/1"}],"replies":[{"embeddable":true,"href":"https:\/\/dorisconcept.com\/en\/wp-json\/wp\/v2\/comments?post=5212"}],"version-history":[{"count":0,"href":"https:\/\/dorisconcept.com\/en\/wp-json\/wp\/v2\/pages\/5212\/revisions"}],"wp:attachment":[{"href":"https:\/\/dorisconcept.com\/en\/wp-json\/wp\/v2\/media?parent=5212"}],"curies":[{"name":"wp","href":"https:\/\/api.w.org\/{rel}","templated":true}]}}